{"id":45,"date":"2020-05-27T12:30:18","date_gmt":"2020-05-27T10:30:18","guid":{"rendered":"http:\/\/foto-brede.de\/?page_id=45"},"modified":"2020-05-27T18:05:27","modified_gmt":"2020-05-27T16:05:27","slug":"hochzeiten","status":"publish","type":"page","link":"https:\/\/foto-brede.de\/?page_id=45","title":{"rendered":"Hochzeiten"},"content":{"rendered":"\n<p>Mein Haupteinsatzgebiet auf der Insel ist die Hochzeitsfotografie.<br>Seit 2009 bin ich auf diesem Gebiet auf der Insel t\u00e4tig und habe inzwischen<br>mehr als 300 Trauungen im Bild festgehalten.<\/p>\n\n\n\nngg_shortcode_0_placeholder\n\n\n\n<p>Den Umfang meiner Leistung k\u00f6nnt ihr hierbei selbst bestimmen.<\/p>\n\n\n\n<p>Von einer einfachen Erinnerung an die Zeremonie am Leuchtturm<br>bis hin zur kompletten Reportage \u00fcber den ganzen Tag ist hierbei<br>alles m\u00f6glich.<\/p>\n\n\n\n<p>Fragt einfach an und ich erstelle euch ein pers\u00f6nliches Angebot<br>f\u00fcr eine wundersch\u00f6ne Erinnerung an den sch\u00f6nsten Tag eures Lebens.<\/p>\n\n\n\n<figure class=\"wp-block-embed-youtube wp-block-embed is-type-video is-provider-youtube wp-embed-aspect-16-9 wp-has-aspect-ratio\"><div class=\"wp-block-embed__wrapper\">\n<iframe loading=\"lazy\" title=\"Hochzeitsfotografie\" width=\"500\" height=\"281\" src=\"https:\/\/www.youtube.com\/embed\/ZUtyiVwnHkM?feature=oembed\" frameborder=\"0\" allow=\"accelerometer; autoplay; clipboard-write; encrypted-media; gyroscope; picture-in-picture; web-share\" referrerpolicy=\"strict-origin-when-cross-origin\" allowfullscreen><\/iframe>\n<\/div><\/figure>\n","protected":false},"excerpt":{"rendered":"<p>Mein Haupteinsatzgebiet auf der Insel ist die Hochzeitsfotografie.Seit 2009 bin ich auf diesem Gebiet auf der Insel t\u00e4tig und habe inzwischenmehr als 300 Trauungen im Bild festgehalten. Den Umfang meiner Leistung k\u00f6nnt ihr hierbei selbst bestimmen. Von einer einfachen Erinnerung an die Zeremonie am Leuchtturmbis hin zur kompletten Reportage \u00fcber den ganzen Tag ist hierbeialles [&hellip;]<\/p>\n","protected":false},"author":1,"featured_media":69,"parent":0,"menu_order":0,"comment_status":"closed","ping_status":"closed","template":"","meta":{"ngg_post_thumbnail":0,"footnotes":""},"class_list":["post-45","page","type-page","status-publish","has-post-thumbnail","hentry"],"_links":{"self":[{"href":"https:\/\/foto-brede.de\/index.php?rest_route=\/wp\/v2\/pages\/45","targetHints":{"allow":["GET"]}}],"collection":[{"href":"https:\/\/foto-brede.de\/index.php?rest_route=\/wp\/v2\/pages"}],"about":[{"href":"https:\/\/foto-brede.de\/index.php?rest_route=\/wp\/v2\/types\/page"}],"author":[{"embeddable":true,"href":"https:\/\/foto-brede.de\/index.php?rest_route=\/wp\/v2\/users\/1"}],"replies":[{"embeddable":true,"href":"https:\/\/foto-brede.de\/index.php?rest_route=%2Fwp%2Fv2%2Fcomments&post=45"}],"version-history":[{"count":10,"href":"https:\/\/foto-brede.de\/index.php?rest_route=\/wp\/v2\/pages\/45\/revisions"}],"predecessor-version":[{"id":210,"href":"https:\/\/foto-brede.de\/index.php?rest_route=\/wp\/v2\/pages\/45\/revisions\/210"}],"wp:featuredmedia":[{"embeddable":true,"href":"https:\/\/foto-brede.de\/index.php?rest_route=\/wp\/v2\/media\/69"}],"wp:attachment":[{"href":"https:\/\/foto-brede.de\/index.php?rest_route=%2Fwp%2Fv2%2Fmedia&parent=45"}],"curies":[{"name":"wp","href":"https:\/\/api.w.org\/{rel}","templated":true}]}}