{"id":31,"date":"2020-05-27T12:25:27","date_gmt":"2020-05-27T12:25:27","guid":{"rendered":"http:\/\/foto-brede.de\/?page_id=31"},"modified":"2025-05-04T17:57:28","modified_gmt":"2025-05-04T15:57:28","slug":"preise","status":"publish","type":"page","link":"http:\/\/foto-brede.de\/?page_id=31","title":{"rendered":"Preise"},"content":{"rendered":"\n<p>1.)<br><br>Fotos am und im Leuchtturm<br><br>Man trifft sich 15 Minuten vor der Trauung am Leuchtturm. Ich fotografiere die Trauung und mache einige Fotos auf und vor dem Leuchtturm.<br><br>Dieses Grundpaket kostet\u00a0297,50 Euro inkl. Mwst.<br><br>Optional 2.)<br><br>Fotos am Strand<br><br>Diese Option ist stark wetterabh\u00e4ngig und kann deswegen auch spontan am Leuchtturm hinzu gebucht werden.<br>Wir w\u00fcrden einen kleinen Rundgang am Strand machen (ca.\u00a030-45\u00a0Minuten) und einige sch\u00f6ne Bilder am Meer machen.<br>Hierf\u00fcr empfiehlt sich ein Termin am sp\u00e4teren Nachmittag, um die besseren Lichtverh\u00e4ltnisse zu nutzen.<br><br>Aufpreis:\u00a0\u00a0 57,00 Euro inkl. Mwst.<br><br>3.)<br><br>Zus\u00e4tzliche Bilder nach euren W\u00fcnschen (z.B. Feier, Vorbereitungen vor der Trauung, etc).<br><br>Hierf\u00fcr berechne ich zus\u00e4tzlich 60,00 Euro inkl. Mwst. pro Stunde.<br>Abgerechnet wird hierbei jeweils pro angefangener 15 Minuten.<br><br><br><br><br>F\u00fcr alles gilt:<br><br>Ihr bekommt alle Bilder in voller Aufl\u00f6sung, werbefrei und mit Lizenz zur Ver\u00f6ffentlichung und Vervielf\u00e4ltigung auf einem USB-Stick.<br>Ihr bekommt einen Indexausdruck aller Bilder.<br>Ihr bekommt einige ausgesuchte Bilder als Ausdruck in der Gr\u00f6\u00dfe 13&#215;18 cm.<br><br>Die Fotos sind technisch bearbeitet (Geradheit, Belichtung, etc.), aber nicht k\u00fcnstlerisch.<br>Die Fotos sind aussortiert (geschlossene Augen, unvorteilhafte Posen, etc.).<br><br>In der Regel sind die Bilder bereits am n\u00e4chsten Tag fertig, sodass eine \u00dcbergabe noch auf der Insel erfolgen kann.<\/p>\n","protected":false},"excerpt":{"rendered":"<p>1.)Fotos am und im LeuchtturmMan trifft sich 15 Minuten vor der Trauung am Leuchtturm. Ich fotografiere die Trauung und mache einige Fotos auf und vor dem Leuchtturm.Dieses Grundpaket kostet\u00a0297,50 Euro inkl. Mwst.Optional 2.)Fotos am StrandDiese Option ist stark wetterabh\u00e4ngig und kann deswegen auch spontan am Leuchtturm hinzu gebucht werden.Wir w\u00fcrden einen kleinen Rundgang am Strand [&hellip;]<\/p>\n","protected":false},"author":1,"featured_media":0,"parent":0,"menu_order":0,"comment_status":"closed","ping_status":"closed","template":"","meta":{"ngg_post_thumbnail":0,"footnotes":""},"class_list":["post-31","page","type-page","status-publish","hentry"],"_links":{"self":[{"href":"http:\/\/foto-brede.de\/index.php?rest_route=\/wp\/v2\/pages\/31","targetHints":{"allow":["GET"]}}],"collection":[{"href":"http:\/\/foto-brede.de\/index.php?rest_route=\/wp\/v2\/pages"}],"about":[{"href":"http:\/\/foto-brede.de\/index.php?rest_route=\/wp\/v2\/types\/page"}],"author":[{"embeddable":true,"href":"http:\/\/foto-brede.de\/index.php?rest_route=\/wp\/v2\/users\/1"}],"replies":[{"embeddable":true,"href":"http:\/\/foto-brede.de\/index.php?rest_route=%2Fwp%2Fv2%2Fcomments&post=31"}],"version-history":[{"count":5,"href":"http:\/\/foto-brede.de\/index.php?rest_route=\/wp\/v2\/pages\/31\/revisions"}],"predecessor-version":[{"id":247,"href":"http:\/\/foto-brede.de\/index.php?rest_route=\/wp\/v2\/pages\/31\/revisions\/247"}],"wp:attachment":[{"href":"http:\/\/foto-brede.de\/index.php?rest_route=%2Fwp%2Fv2%2Fmedia&parent=31"}],"curies":[{"name":"wp","href":"https:\/\/api.w.org\/{rel}","templated":true}]}}